{"id":28,"date":"2025-11-13T05:58:42","date_gmt":"2025-11-13T05:58:42","guid":{"rendered":"https:\/\/azure-pig-210859.hostingersite.com\/?page_id=28"},"modified":"2026-05-07T15:21:06","modified_gmt":"2026-05-07T15:21:06","slug":"case","status":"publish","type":"page","link":"https:\/\/lccabletray.com\/es\/caso-2\/","title":{"rendered":"CASO"},"content":{"rendered":"<div data-elementor-type=\"wp-page\" data-elementor-id=\"28\" class=\"elementor elementor-28\" data-elementor-post-type=\"page\">\n\t\t\t\t<div class=\"elementor-element elementor-element-7fc4902 e-con-full e-flex e-con e-parent\" data-id=\"7fc4902\" data-element_type=\"container\" data-e-type=\"container\" data-settings=\"{&quot;background_background&quot;:&quot;classic&quot;}\">\n\t\t\t\t<div class=\"elementor-element elementor-element-6cb7613 elementor-widget elementor-widget-heading\" data-id=\"6cb7613\" data-element_type=\"widget\" data-e-type=\"widget\" data-widget_type=\"heading.default\">\n\t\t\t\t\t<h2 class=\"elementor-heading-title elementor-size-default\">caso<\/h2>\t\t\t\t<\/div>\n\t\t\t\t<div class=\"elementor-element elementor-element-b12a2e7 elementor-widget__width-inherit elementor-widget elementor-widget-shortcode\" data-id=\"b12a2e7\" data-element_type=\"widget\" data-e-type=\"widget\" data-widget_type=\"shortcode.default\">\n\t\t\t\t\t\t\t<div class=\"elementor-shortcode\"><nav aria-label=\"pan rallado\" class=\"rank-math-breadcrumb\"><p><span class=\"last\">Inicio<\/span><\/p><\/nav>\n<\/div>\n\t\t\t\t\t\t<\/div>\n\t\t\t\t<\/div>\n\t\t<div class=\"elementor-element elementor-element-f6460f3 e-flex e-con-boxed e-con e-parent\" data-id=\"f6460f3\" data-element_type=\"container\" data-e-type=\"container\">\n\t\t\t\t\t<div class=\"e-con-inner\">\n\t\t\t\t\t<\/div>\n\t\t\t\t<\/div>\n\t\t<div class=\"elementor-element elementor-element-d236e4a e-flex e-con-boxed e-con e-parent\" data-id=\"d236e4a\" data-element_type=\"container\" data-e-type=\"container\">\n\t\t\t\t\t<div class=\"e-con-inner\">\n\t\t\t\t<div class=\"elementor-element elementor-element-4e87b2e elementor-grid-3 elementor-grid-tablet-2 elementor-grid-mobile-1 elementor-posts--thumbnail-top elementor-widget elementor-widget-posts\" data-id=\"4e87b2e\" data-element_type=\"widget\" data-e-type=\"widget\" data-settings=\"{&quot;classic_columns&quot;:&quot;3&quot;,&quot;classic_columns_tablet&quot;:&quot;2&quot;,&quot;classic_columns_mobile&quot;:&quot;1&quot;,&quot;classic_row_gap&quot;:{&quot;unit&quot;:&quot;px&quot;,&quot;size&quot;:35,&quot;sizes&quot;:[]},&quot;classic_row_gap_tablet&quot;:{&quot;unit&quot;:&quot;px&quot;,&quot;size&quot;:&quot;&quot;,&quot;sizes&quot;:[]},&quot;classic_row_gap_mobile&quot;:{&quot;unit&quot;:&quot;px&quot;,&quot;size&quot;:&quot;&quot;,&quot;sizes&quot;:[]}}\" data-widget_type=\"posts.classic\">\n\t\t\t\t<div class=\"elementor-widget-container\">\n\t\t\t\t\t\t\t<div class=\"elementor-posts-container elementor-posts elementor-posts--skin-classic elementor-grid\" role=\"list\">\n\t\t\t\t<article class=\"elementor-post elementor-grid-item post-6078 post type-post status-publish format-standard has-post-thumbnail hentry category-news\" role=\"listitem\">\n\t\t\t\t<a class=\"elementor-post__thumbnail__link\" href=\"https:\/\/lccabletray.com\/es\/classification-and-production-process-of-bridge-frame\/\" tabindex=\"-1\" >\n\t\t\t<div class=\"elementor-post__thumbnail\"><img fetchpriority=\"high\" decoding=\"async\" width=\"502\" height=\"497\" src=\"https:\/\/lccabletray.com\/wp-content\/uploads\/2026\/04\/News4.webp\" class=\"attachment-2048x2048 size-2048x2048 wp-image-6030\" alt=\"\" srcset=\"https:\/\/lccabletray.com\/wp-content\/uploads\/2026\/04\/News4.webp 502w, https:\/\/lccabletray.com\/wp-content\/uploads\/2026\/04\/News4-300x297.webp 300w, https:\/\/lccabletray.com\/wp-content\/uploads\/2026\/04\/News4-150x150.webp 150w, https:\/\/lccabletray.com\/wp-content\/uploads\/2026\/04\/News4-12x12.webp 12w\" sizes=\"(max-width: 502px) 100vw, 502px\" \/><\/div>\n\t\t<\/a>\n\t\t\t\t<div class=\"elementor-post__text\">\n\t\t\t\t<h3 class=\"elementor-post__title\">\n\t\t\t<a href=\"https:\/\/lccabletray.com\/es\/classification-and-production-process-of-bridge-frame\/\" >\n\t\t\t\tClasificaci\u00f3n y proceso de producci\u00f3n del bastidor de puente\t\t\t<\/a>\n\t\t<\/h3>\n\t\t\t\t<div class=\"elementor-post__meta-data\">\n\t\t\t\t\t<span class=\"elementor-post-date\">\n\t\t\t20 de abril de 2026\t\t<\/span>\n\t\t\t\t<\/div>\n\t\t\t\t<div class=\"elementor-post__excerpt\">\n\t\t\t<p>Con el continuo desarrollo de la industria de la construcci\u00f3n de mi pa\u00eds, la proporci\u00f3n de bandejas portacables dom\u00e9sticas aumenta constantemente. Existen muchos tipos de bandejas portacables,<\/p>\n\t\t<\/div>\n\t\t\t\t\t<div class=\"elementor-post__read-more-wrapper\">\n\t\t\n\t\t<a class=\"elementor-post__read-more\" href=\"https:\/\/lccabletray.com\/es\/classification-and-production-process-of-bridge-frame\/\" aria-label=\"M\u00e1s informaci\u00f3n sobre Classification and production process of bridge frame\" tabindex=\"-1\" >\n\t\t\t\t\t<\/a>\n\n\t\t\t\t\t<\/div>\n\t\t\t\t<\/div>\n\t\t\t\t<\/article>\n\t\t\t\t<article class=\"elementor-post elementor-grid-item post-6075 post type-post status-publish format-standard has-post-thumbnail hentry category-news\" role=\"listitem\">\n\t\t\t\t<a class=\"elementor-post__thumbnail__link\" href=\"https:\/\/lccabletray.com\/es\/introduction-to-national-standards-for-cable-tray\/\" tabindex=\"-1\" >\n\t\t\t<div class=\"elementor-post__thumbnail\"><img decoding=\"async\" width=\"597\" height=\"597\" src=\"https:\/\/lccabletray.com\/wp-content\/uploads\/2026\/04\/News3.webp\" class=\"attachment-2048x2048 size-2048x2048 wp-image-6028\" alt=\"\" srcset=\"https:\/\/lccabletray.com\/wp-content\/uploads\/2026\/04\/News3.webp 597w, https:\/\/lccabletray.com\/wp-content\/uploads\/2026\/04\/News3-300x300.webp 300w, https:\/\/lccabletray.com\/wp-content\/uploads\/2026\/04\/News3-150x150.webp 150w, https:\/\/lccabletray.com\/wp-content\/uploads\/2026\/04\/News3-12x12.webp 12w\" sizes=\"(max-width: 597px) 100vw, 597px\" \/><\/div>\n\t\t<\/a>\n\t\t\t\t<div class=\"elementor-post__text\">\n\t\t\t\t<h3 class=\"elementor-post__title\">\n\t\t\t<a href=\"https:\/\/lccabletray.com\/es\/introduction-to-national-standards-for-cable-tray\/\" >\n\t\t\t\tIntroducci\u00f3n a las normas nacionales para bandejas de cables\t\t\t<\/a>\n\t\t<\/h3>\n\t\t\t\t<div class=\"elementor-post__meta-data\">\n\t\t\t\t\t<span class=\"elementor-post-date\">\n\t\t\t20 de abril de 2026\t\t<\/span>\n\t\t\t\t<\/div>\n\t\t\t\t<div class=\"elementor-post__excerpt\">\n\t\t\t<p>Los requisitos de producci\u00f3n de los productos de bandeja portacables que se utilizan ampliamente en el sector de la construcci\u00f3n son bastante estrictos. Los fabricantes s\u00f3lo pueden producir y vender productos<\/p>\n\t\t<\/div>\n\t\t\t\t\t<div class=\"elementor-post__read-more-wrapper\">\n\t\t\n\t\t<a class=\"elementor-post__read-more\" href=\"https:\/\/lccabletray.com\/es\/introduction-to-national-standards-for-cable-tray\/\" aria-label=\"M\u00e1s informaci\u00f3n sobre Introduction to National Standards for Cable Tray\" tabindex=\"-1\" >\n\t\t\t\t\t<\/a>\n\n\t\t\t\t\t<\/div>\n\t\t\t\t<\/div>\n\t\t\t\t<\/article>\n\t\t\t\t<article class=\"elementor-post elementor-grid-item post-6073 post type-post status-publish format-standard has-post-thumbnail hentry category-news\" role=\"listitem\">\n\t\t\t\t<a class=\"elementor-post__thumbnail__link\" href=\"https:\/\/lccabletray.com\/es\/real-world-uses-of-cable-trays\/\" tabindex=\"-1\" >\n\t\t\t<div class=\"elementor-post__thumbnail\"><img decoding=\"async\" width=\"496\" height=\"496\" src=\"https:\/\/lccabletray.com\/wp-content\/uploads\/2026\/04\/News2.webp\" class=\"attachment-2048x2048 size-2048x2048 wp-image-6027\" alt=\"\" srcset=\"https:\/\/lccabletray.com\/wp-content\/uploads\/2026\/04\/News2.webp 496w, https:\/\/lccabletray.com\/wp-content\/uploads\/2026\/04\/News2-300x300.webp 300w, https:\/\/lccabletray.com\/wp-content\/uploads\/2026\/04\/News2-150x150.webp 150w, https:\/\/lccabletray.com\/wp-content\/uploads\/2026\/04\/News2-12x12.webp 12w\" sizes=\"(max-width: 496px) 100vw, 496px\" \/><\/div>\n\t\t<\/a>\n\t\t\t\t<div class=\"elementor-post__text\">\n\t\t\t\t<h3 class=\"elementor-post__title\">\n\t\t\t<a href=\"https:\/\/lccabletray.com\/es\/real-world-uses-of-cable-trays\/\" >\n\t\t\t\tUsos reales de las bandejas portacables\t\t\t<\/a>\n\t\t<\/h3>\n\t\t\t\t<div class=\"elementor-post__meta-data\">\n\t\t\t\t\t<span class=\"elementor-post-date\">\n\t\t\t20 de abril de 2026\t\t<\/span>\n\t\t\t\t<\/div>\n\t\t\t\t<div class=\"elementor-post__excerpt\">\n\t\t\t<p>Las bandejas portacables se utilizan ampliamente en diversas industrias para gestionar y organizar los cables el\u00e9ctricos y de comunicaci\u00f3n. Proporcionan una v\u00eda estructurada para los cables, garantizando un enrutamiento eficiente,<\/p>\n\t\t<\/div>\n\t\t\t\t\t<div class=\"elementor-post__read-more-wrapper\">\n\t\t\n\t\t<a class=\"elementor-post__read-more\" href=\"https:\/\/lccabletray.com\/es\/real-world-uses-of-cable-trays\/\" aria-label=\"M\u00e1s informaci\u00f3n sobre Real-world uses of cable trays\" tabindex=\"-1\" >\n\t\t\t\t\t<\/a>\n\n\t\t\t\t\t<\/div>\n\t\t\t\t<\/div>\n\t\t\t\t<\/article>\n\t\t\t\t<article class=\"elementor-post elementor-grid-item post-6071 post type-post status-publish format-standard has-post-thumbnail hentry category-news\" role=\"listitem\">\n\t\t\t\t<a class=\"elementor-post__thumbnail__link\" href=\"https:\/\/lccabletray.com\/es\/how-to-choose-cable-trays-correctly\/\" tabindex=\"-1\" >\n\t\t\t<div class=\"elementor-post__thumbnail\"><img loading=\"lazy\" decoding=\"async\" width=\"729\" height=\"630\" src=\"https:\/\/lccabletray.com\/wp-content\/uploads\/2026\/04\/News1.webp\" class=\"attachment-2048x2048 size-2048x2048 wp-image-6026\" alt=\"\" srcset=\"https:\/\/lccabletray.com\/wp-content\/uploads\/2026\/04\/News1.webp 729w, https:\/\/lccabletray.com\/wp-content\/uploads\/2026\/04\/News1-300x259.webp 300w, https:\/\/lccabletray.com\/wp-content\/uploads\/2026\/04\/News1-14x12.webp 14w\" sizes=\"(max-width: 729px) 100vw, 729px\" \/><\/div>\n\t\t<\/a>\n\t\t\t\t<div class=\"elementor-post__text\">\n\t\t\t\t<h3 class=\"elementor-post__title\">\n\t\t\t<a href=\"https:\/\/lccabletray.com\/es\/how-to-choose-cable-trays-correctly\/\" >\n\t\t\t\tC\u00f3mo elegir correctamente las bandejas portacables\t\t\t<\/a>\n\t\t<\/h3>\n\t\t\t\t<div class=\"elementor-post__meta-data\">\n\t\t\t\t\t<span class=\"elementor-post-date\">\n\t\t\t20 de abril de 2026\t\t<\/span>\n\t\t\t\t<\/div>\n\t\t\t\t<div class=\"elementor-post__excerpt\">\n\t\t\t<p>A la hora de elegir las bandejas portacables, conc\u00e9ntrese en estos 3 puntos clave, y le ayudar\u00e9 a hacerlo de forma clara y comprensible:El enfoque b\u00e1sico en tres pasos: Elige bien y<\/p>\n\t\t<\/div>\n\t\t\t\t\t<div class=\"elementor-post__read-more-wrapper\">\n\t\t\n\t\t<a class=\"elementor-post__read-more\" href=\"https:\/\/lccabletray.com\/es\/how-to-choose-cable-trays-correctly\/\" aria-label=\"M\u00e1s informaci\u00f3n sobre How to Choose Cable Trays Correctly\" tabindex=\"-1\" >\n\t\t\t\t\t<\/a>\n\n\t\t\t\t\t<\/div>\n\t\t\t\t<\/div>\n\t\t\t\t<\/article>\n\t\t\t\t<\/div>\n\t\t\n\t\t\t\t\t\t<\/div>\n\t\t\t\t<\/div>\n\t\t\t\t\t<\/div>\n\t\t\t\t<\/div>\n\t\t\t\t<\/div>","protected":false},"excerpt":{"rendered":"<p>caso<\/p>","protected":false},"author":5,"featured_media":0,"parent":0,"menu_order":0,"comment_status":"closed","ping_status":"closed","template":"","meta":{"_acf_changed":false,"footnotes":""},"class_list":["post-28","page","type-page","status-publish","hentry"],"acf":[],"_links":{"self":[{"href":"https:\/\/lccabletray.com\/es\/wp-json\/wp\/v2\/pages\/28","targetHints":{"allow":["GET"]}}],"collection":[{"href":"https:\/\/lccabletray.com\/es\/wp-json\/wp\/v2\/pages"}],"about":[{"href":"https:\/\/lccabletray.com\/es\/wp-json\/wp\/v2\/types\/page"}],"author":[{"embeddable":true,"href":"https:\/\/lccabletray.com\/es\/wp-json\/wp\/v2\/users\/5"}],"replies":[{"embeddable":true,"href":"https:\/\/lccabletray.com\/es\/wp-json\/wp\/v2\/comments?post=28"}],"version-history":[{"count":3,"href":"https:\/\/lccabletray.com\/es\/wp-json\/wp\/v2\/pages\/28\/revisions"}],"predecessor-version":[{"id":6826,"href":"https:\/\/lccabletray.com\/es\/wp-json\/wp\/v2\/pages\/28\/revisions\/6826"}],"wp:attachment":[{"href":"https:\/\/lccabletray.com\/es\/wp-json\/wp\/v2\/media?parent=28"}],"curies":[{"name":"wp","href":"https:\/\/api.w.org\/{rel}","templated":true}]}}