{"id":28,"date":"2025-11-13T05:58:42","date_gmt":"2025-11-13T05:58:42","guid":{"rendered":"https:\/\/azure-pig-210859.hostingersite.com\/?page_id=28"},"modified":"2026-05-07T15:21:06","modified_gmt":"2026-05-07T15:21:06","slug":"case","status":"publish","type":"page","link":"https:\/\/lccabletray.com\/pt\/caso-2\/","title":{"rendered":"CASO"},"content":{"rendered":"<div data-elementor-type=\"wp-page\" data-elementor-id=\"28\" class=\"elementor elementor-28\" data-elementor-post-type=\"page\">\n\t\t\t\t<div class=\"elementor-element elementor-element-7fc4902 e-con-full e-flex e-con e-parent\" data-id=\"7fc4902\" data-element_type=\"container\" data-e-type=\"container\" data-settings=\"{&quot;background_background&quot;:&quot;classic&quot;}\">\n\t\t\t\t<div class=\"elementor-element elementor-element-6cb7613 elementor-widget elementor-widget-heading\" data-id=\"6cb7613\" data-element_type=\"widget\" data-e-type=\"widget\" data-widget_type=\"heading.default\">\n\t\t\t\t\t<h2 class=\"elementor-heading-title elementor-size-default\">caso<\/h2>\t\t\t\t<\/div>\n\t\t\t\t<div class=\"elementor-element elementor-element-b12a2e7 elementor-widget__width-inherit elementor-widget elementor-widget-shortcode\" data-id=\"b12a2e7\" data-element_type=\"widget\" data-e-type=\"widget\" data-widget_type=\"shortcode.default\">\n\t\t\t\t\t\t\t<div class=\"elementor-shortcode\"><nav aria-label=\"farinha de rosca\" class=\"rank-math-breadcrumb\"><p><span class=\"last\">In\u00edcio<\/span><\/p><\/nav>\n<\/div>\n\t\t\t\t\t\t<\/div>\n\t\t\t\t<\/div>\n\t\t<div class=\"elementor-element elementor-element-f6460f3 e-flex e-con-boxed e-con e-parent\" data-id=\"f6460f3\" data-element_type=\"container\" data-e-type=\"container\">\n\t\t\t\t\t<div class=\"e-con-inner\">\n\t\t\t\t\t<\/div>\n\t\t\t\t<\/div>\n\t\t<div class=\"elementor-element elementor-element-d236e4a e-flex e-con-boxed e-con e-parent\" data-id=\"d236e4a\" data-element_type=\"container\" data-e-type=\"container\">\n\t\t\t\t\t<div class=\"e-con-inner\">\n\t\t\t\t<div class=\"elementor-element elementor-element-4e87b2e elementor-grid-3 elementor-grid-tablet-2 elementor-grid-mobile-1 elementor-posts--thumbnail-top elementor-widget elementor-widget-posts\" data-id=\"4e87b2e\" data-element_type=\"widget\" data-e-type=\"widget\" data-settings=\"{&quot;classic_columns&quot;:&quot;3&quot;,&quot;classic_columns_tablet&quot;:&quot;2&quot;,&quot;classic_columns_mobile&quot;:&quot;1&quot;,&quot;classic_row_gap&quot;:{&quot;unit&quot;:&quot;px&quot;,&quot;size&quot;:35,&quot;sizes&quot;:[]},&quot;classic_row_gap_tablet&quot;:{&quot;unit&quot;:&quot;px&quot;,&quot;size&quot;:&quot;&quot;,&quot;sizes&quot;:[]},&quot;classic_row_gap_mobile&quot;:{&quot;unit&quot;:&quot;px&quot;,&quot;size&quot;:&quot;&quot;,&quot;sizes&quot;:[]}}\" data-widget_type=\"posts.classic\">\n\t\t\t\t<div class=\"elementor-widget-container\">\n\t\t\t\t\t\t\t<div class=\"elementor-posts-container elementor-posts elementor-posts--skin-classic elementor-grid\" role=\"list\">\n\t\t\t\t<article class=\"elementor-post elementor-grid-item post-6078 post type-post status-publish format-standard has-post-thumbnail hentry category-news\" role=\"listitem\">\n\t\t\t\t<a class=\"elementor-post__thumbnail__link\" href=\"https:\/\/lccabletray.com\/pt\/classification-and-production-process-of-bridge-frame\/\" tabindex=\"-1\" >\n\t\t\t<div class=\"elementor-post__thumbnail\"><img fetchpriority=\"high\" decoding=\"async\" width=\"502\" height=\"497\" src=\"https:\/\/lccabletray.com\/wp-content\/uploads\/2026\/04\/News4.webp\" class=\"attachment-2048x2048 size-2048x2048 wp-image-6030\" alt=\"\" srcset=\"https:\/\/lccabletray.com\/wp-content\/uploads\/2026\/04\/News4.webp 502w, https:\/\/lccabletray.com\/wp-content\/uploads\/2026\/04\/News4-300x297.webp 300w, https:\/\/lccabletray.com\/wp-content\/uploads\/2026\/04\/News4-150x150.webp 150w, https:\/\/lccabletray.com\/wp-content\/uploads\/2026\/04\/News4-12x12.webp 12w\" sizes=\"(max-width: 502px) 100vw, 502px\" \/><\/div>\n\t\t<\/a>\n\t\t\t\t<div class=\"elementor-post__text\">\n\t\t\t\t<h3 class=\"elementor-post__title\">\n\t\t\t<a href=\"https:\/\/lccabletray.com\/pt\/classification-and-production-process-of-bridge-frame\/\" >\n\t\t\t\tClassifica\u00e7\u00e3o e processo de produ\u00e7\u00e3o da estrutura da ponte\t\t\t<\/a>\n\t\t<\/h3>\n\t\t\t\t<div class=\"elementor-post__meta-data\">\n\t\t\t\t\t<span class=\"elementor-post-date\">\n\t\t\t20 de abril de 2026\t\t<\/span>\n\t\t\t\t<\/div>\n\t\t\t\t<div class=\"elementor-post__excerpt\">\n\t\t\t<p>Com o desenvolvimento cont\u00ednuo do setor de constru\u00e7\u00e3o do meu pa\u00eds, a propor\u00e7\u00e3o de bandejas de cabos dom\u00e9sticas est\u00e1 aumentando constantemente. H\u00e1 muitos tipos de bandejas para cabos,<\/p>\n\t\t<\/div>\n\t\t\t\t\t<div class=\"elementor-post__read-more-wrapper\">\n\t\t\n\t\t<a class=\"elementor-post__read-more\" href=\"https:\/\/lccabletray.com\/pt\/classification-and-production-process-of-bridge-frame\/\" aria-label=\"Leia mais sobre Classification and production process of bridge frame\" tabindex=\"-1\" >\n\t\t\t\t\t<\/a>\n\n\t\t\t\t\t<\/div>\n\t\t\t\t<\/div>\n\t\t\t\t<\/article>\n\t\t\t\t<article class=\"elementor-post elementor-grid-item post-6075 post type-post status-publish format-standard has-post-thumbnail hentry category-news\" role=\"listitem\">\n\t\t\t\t<a class=\"elementor-post__thumbnail__link\" href=\"https:\/\/lccabletray.com\/pt\/introduction-to-national-standards-for-cable-tray\/\" tabindex=\"-1\" >\n\t\t\t<div class=\"elementor-post__thumbnail\"><img decoding=\"async\" width=\"597\" height=\"597\" src=\"https:\/\/lccabletray.com\/wp-content\/uploads\/2026\/04\/News3.webp\" class=\"attachment-2048x2048 size-2048x2048 wp-image-6028\" alt=\"\" srcset=\"https:\/\/lccabletray.com\/wp-content\/uploads\/2026\/04\/News3.webp 597w, https:\/\/lccabletray.com\/wp-content\/uploads\/2026\/04\/News3-300x300.webp 300w, https:\/\/lccabletray.com\/wp-content\/uploads\/2026\/04\/News3-150x150.webp 150w, https:\/\/lccabletray.com\/wp-content\/uploads\/2026\/04\/News3-12x12.webp 12w\" sizes=\"(max-width: 597px) 100vw, 597px\" \/><\/div>\n\t\t<\/a>\n\t\t\t\t<div class=\"elementor-post__text\">\n\t\t\t\t<h3 class=\"elementor-post__title\">\n\t\t\t<a href=\"https:\/\/lccabletray.com\/pt\/introduction-to-national-standards-for-cable-tray\/\" >\n\t\t\t\tIntrodu\u00e7\u00e3o \u00e0s normas nacionais para esteiras porta-cabos\t\t\t<\/a>\n\t\t<\/h3>\n\t\t\t\t<div class=\"elementor-post__meta-data\">\n\t\t\t\t\t<span class=\"elementor-post-date\">\n\t\t\t20 de abril de 2026\t\t<\/span>\n\t\t\t\t<\/div>\n\t\t\t\t<div class=\"elementor-post__excerpt\">\n\t\t\t<p>Os requisitos de produ\u00e7\u00e3o de produtos para bandejas de cabos amplamente utilizados no setor de constru\u00e7\u00e3o s\u00e3o bastante rigorosos. Os fabricantes s\u00f3 podem produzir e vender produtos<\/p>\n\t\t<\/div>\n\t\t\t\t\t<div class=\"elementor-post__read-more-wrapper\">\n\t\t\n\t\t<a class=\"elementor-post__read-more\" href=\"https:\/\/lccabletray.com\/pt\/introduction-to-national-standards-for-cable-tray\/\" aria-label=\"Leia mais sobre Introduction to National Standards for Cable Tray\" tabindex=\"-1\" >\n\t\t\t\t\t<\/a>\n\n\t\t\t\t\t<\/div>\n\t\t\t\t<\/div>\n\t\t\t\t<\/article>\n\t\t\t\t<article class=\"elementor-post elementor-grid-item post-6073 post type-post status-publish format-standard has-post-thumbnail hentry category-news\" role=\"listitem\">\n\t\t\t\t<a class=\"elementor-post__thumbnail__link\" href=\"https:\/\/lccabletray.com\/pt\/real-world-uses-of-cable-trays\/\" tabindex=\"-1\" >\n\t\t\t<div class=\"elementor-post__thumbnail\"><img decoding=\"async\" width=\"496\" height=\"496\" src=\"https:\/\/lccabletray.com\/wp-content\/uploads\/2026\/04\/News2.webp\" class=\"attachment-2048x2048 size-2048x2048 wp-image-6027\" alt=\"\" srcset=\"https:\/\/lccabletray.com\/wp-content\/uploads\/2026\/04\/News2.webp 496w, https:\/\/lccabletray.com\/wp-content\/uploads\/2026\/04\/News2-300x300.webp 300w, https:\/\/lccabletray.com\/wp-content\/uploads\/2026\/04\/News2-150x150.webp 150w, https:\/\/lccabletray.com\/wp-content\/uploads\/2026\/04\/News2-12x12.webp 12w\" sizes=\"(max-width: 496px) 100vw, 496px\" \/><\/div>\n\t\t<\/a>\n\t\t\t\t<div class=\"elementor-post__text\">\n\t\t\t\t<h3 class=\"elementor-post__title\">\n\t\t\t<a href=\"https:\/\/lccabletray.com\/pt\/real-world-uses-of-cable-trays\/\" >\n\t\t\t\tUsos reais de bandejas para cabos\t\t\t<\/a>\n\t\t<\/h3>\n\t\t\t\t<div class=\"elementor-post__meta-data\">\n\t\t\t\t\t<span class=\"elementor-post-date\">\n\t\t\t20 de abril de 2026\t\t<\/span>\n\t\t\t\t<\/div>\n\t\t\t\t<div class=\"elementor-post__excerpt\">\n\t\t\t<p>As bandejas para cabos s\u00e3o amplamente usadas em v\u00e1rios setores para gerenciar e organizar cabos el\u00e9tricos e de comunica\u00e7\u00e3o. Elas fornecem um caminho estruturado para os cabos, garantindo um roteamento eficiente,<\/p>\n\t\t<\/div>\n\t\t\t\t\t<div class=\"elementor-post__read-more-wrapper\">\n\t\t\n\t\t<a class=\"elementor-post__read-more\" href=\"https:\/\/lccabletray.com\/pt\/real-world-uses-of-cable-trays\/\" aria-label=\"Leia mais sobre Real-world uses of cable trays\" tabindex=\"-1\" >\n\t\t\t\t\t<\/a>\n\n\t\t\t\t\t<\/div>\n\t\t\t\t<\/div>\n\t\t\t\t<\/article>\n\t\t\t\t<article class=\"elementor-post elementor-grid-item post-6071 post type-post status-publish format-standard has-post-thumbnail hentry category-news\" role=\"listitem\">\n\t\t\t\t<a class=\"elementor-post__thumbnail__link\" href=\"https:\/\/lccabletray.com\/pt\/how-to-choose-cable-trays-correctly\/\" tabindex=\"-1\" >\n\t\t\t<div class=\"elementor-post__thumbnail\"><img loading=\"lazy\" decoding=\"async\" width=\"729\" height=\"630\" src=\"https:\/\/lccabletray.com\/wp-content\/uploads\/2026\/04\/News1.webp\" class=\"attachment-2048x2048 size-2048x2048 wp-image-6026\" alt=\"\" srcset=\"https:\/\/lccabletray.com\/wp-content\/uploads\/2026\/04\/News1.webp 729w, https:\/\/lccabletray.com\/wp-content\/uploads\/2026\/04\/News1-300x259.webp 300w, https:\/\/lccabletray.com\/wp-content\/uploads\/2026\/04\/News1-14x12.webp 14w\" sizes=\"(max-width: 729px) 100vw, 729px\" \/><\/div>\n\t\t<\/a>\n\t\t\t\t<div class=\"elementor-post__text\">\n\t\t\t\t<h3 class=\"elementor-post__title\">\n\t\t\t<a href=\"https:\/\/lccabletray.com\/pt\/how-to-choose-cable-trays-correctly\/\" >\n\t\t\t\tComo escolher corretamente as bandejas para cabos\t\t\t<\/a>\n\t\t<\/h3>\n\t\t\t\t<div class=\"elementor-post__meta-data\">\n\t\t\t\t\t<span class=\"elementor-post-date\">\n\t\t\t20 de abril de 2026\t\t<\/span>\n\t\t\t\t<\/div>\n\t\t\t\t<div class=\"elementor-post__excerpt\">\n\t\t\t<p>Ao escolher as bandejas de cabos, concentre-se nesses tr\u00eas pontos principais, e eu o ajudarei a torn\u00e1-los claros e compreens\u00edveis: A abordagem b\u00e1sica em tr\u00eas etapas: Escolha com sabedoria e<\/p>\n\t\t<\/div>\n\t\t\t\t\t<div class=\"elementor-post__read-more-wrapper\">\n\t\t\n\t\t<a class=\"elementor-post__read-more\" href=\"https:\/\/lccabletray.com\/pt\/how-to-choose-cable-trays-correctly\/\" aria-label=\"Leia mais sobre How to Choose Cable Trays Correctly\" tabindex=\"-1\" >\n\t\t\t\t\t<\/a>\n\n\t\t\t\t\t<\/div>\n\t\t\t\t<\/div>\n\t\t\t\t<\/article>\n\t\t\t\t<\/div>\n\t\t\n\t\t\t\t\t\t<\/div>\n\t\t\t\t<\/div>\n\t\t\t\t\t<\/div>\n\t\t\t\t<\/div>\n\t\t\t\t<\/div>","protected":false},"excerpt":{"rendered":"<p>caso<\/p>","protected":false},"author":5,"featured_media":0,"parent":0,"menu_order":0,"comment_status":"closed","ping_status":"closed","template":"","meta":{"_acf_changed":false,"footnotes":""},"class_list":["post-28","page","type-page","status-publish","hentry"],"acf":[],"_links":{"self":[{"href":"https:\/\/lccabletray.com\/pt\/wp-json\/wp\/v2\/pages\/28","targetHints":{"allow":["GET"]}}],"collection":[{"href":"https:\/\/lccabletray.com\/pt\/wp-json\/wp\/v2\/pages"}],"about":[{"href":"https:\/\/lccabletray.com\/pt\/wp-json\/wp\/v2\/types\/page"}],"author":[{"embeddable":true,"href":"https:\/\/lccabletray.com\/pt\/wp-json\/wp\/v2\/users\/5"}],"replies":[{"embeddable":true,"href":"https:\/\/lccabletray.com\/pt\/wp-json\/wp\/v2\/comments?post=28"}],"version-history":[{"count":3,"href":"https:\/\/lccabletray.com\/pt\/wp-json\/wp\/v2\/pages\/28\/revisions"}],"predecessor-version":[{"id":6826,"href":"https:\/\/lccabletray.com\/pt\/wp-json\/wp\/v2\/pages\/28\/revisions\/6826"}],"wp:attachment":[{"href":"https:\/\/lccabletray.com\/pt\/wp-json\/wp\/v2\/media?parent=28"}],"curies":[{"name":"wp","href":"https:\/\/api.w.org\/{rel}","templated":true}]}}